{"id":118,"date":"2017-05-03T10:27:53","date_gmt":"2017-05-03T10:27:53","guid":{"rendered":"https:\/\/eneko.restaurant\/avisu-legala\/"},"modified":"2018-03-23T10:29:41","modified_gmt":"2018-03-23T10:29:41","slug":"abisu-legala","status":"publish","type":"page","link":"https:\/\/eneko.restaurant\/eu\/abisu-legala\/","title":{"rendered":"Abisu legala"},"content":{"rendered":"<p>[vc_row el_class=&#8221;inner-container&#8221; css=&#8221;.vc_custom_1495012552954{padding-top: 50px !important;padding-bottom: 100px !important;}&#8221;][vc_column][vc_custom_heading source=&#8221;post_title&#8221; font_container=&#8221;tag:h2|text_align:center&#8221; use_theme_fonts=&#8221;yes&#8221;]<div class=\"separator-vertical\" style=\"height: 100px; width: 2px; background-color: #ad5c59;\"><\/div>[vc_column_text el_class=&#8221;legal-text&#8221;]<\/p>\n<h3><span lang=\"ES\">1.- Informaci\u00f3n legal:<\/span><\/h3>\n<p><span lang=\"ES\">El contenido de la p\u00e1gina Web <a href=\"https:\/\/eneko.restaurant\">eneko.restaurant<\/a> tiene por objeto informar de las actividades y servicios del restaurante ENEKO,\u00a0la compra de tickets de reserva de acuerdo con sus t\u00e9rminos y condiciones y facilitar la operativa a los clientes. Restaurante ENEKO tiene su domicilio en el Barrio Legina s\/n de Larrabetzu (Bizkaia) C.P. 48195. Determinados servicios que ofrece son exclusivos de los clientes de la empresa y su acceso se encuentra restringido. En cuanto al resto de la informaci\u00f3n contenida en la p\u00e1gina Web, \u00e9sta es gratuita salvo el coste de la conexi\u00f3n del proveedor contratado por el usuario.<\/span><\/p>\n<p>&nbsp;<\/p>\n<h3><span lang=\"ES\">2.- Uso de la p\u00e1gina Web y contenidos de la misma:<\/span><\/h3>\n<p><span lang=\"ES\">El usuario se compromete a utilizar la p\u00e1gina Web y sus servicios sin contravenir la legislaci\u00f3n existente en la materia, la buena fe y el orden p\u00fablico. Queda prohibida la reproducci\u00f3n, distribuci\u00f3n, modificaci\u00f3n, a menos que cuente con la autorizaci\u00f3n de sus leg\u00edtimos titulares o resulte legalmente permitido. El usuario no podr\u00e1 alterar, cambiar ni modificar la p\u00e1gina Web; sin embargo el equipo de Restaurante ENEKO se reserva el derecho a realizar cualquier cambio y en cualquier momento unilateralmente y sin previo aviso de la estructura y dise\u00f1o de la p\u00e1gina Web, as\u00ed como variar o eliminar determinados contenidos de la misma o uso de la p\u00e1gina Web.<\/span><\/p>\n<p>&nbsp;<\/p>\n<h3><span lang=\"ES\">3.- Propiedad intelectual e industrial:<\/span><\/h3>\n<p><span lang=\"ES\">El contenido de esta p\u00e1gina Web (textos, im\u00e1genes, audio y video) est\u00e1 protegido por las leyes de propiedad intelectual e industrial. El contenido de la p\u00e1gina Web, as\u00ed como su dise\u00f1o gr\u00e1fico y c\u00f3digos fuentes es propiedad intelectual de Restaurante ENEKO o de terceros, sin que puedan entenderse cedidos al usuario los derechos de explotaci\u00f3n de los mismos. Restaurante ENEKO ejercitar\u00e1 todas las acciones civiles o penales que le correspondan contra quienes lesionen su derecho y exigir\u00e1 todas aquellas medidas que sean necesarias para su salvaguarda.<\/span><\/p>\n<p>&nbsp;<\/p>\n<h3><span lang=\"ES\">4.- Condiciones generales del uso de la p\u00e1gina Web:<\/span><\/h3>\n<p><span lang=\"ES\">Si usted transfiere software de esta p\u00e1gina Web a su terminal, incluyendo cualquier archivo, im\u00e1genes incorporadas o generadas por el Software as\u00ed como la informaci\u00f3n anexa al mismo no podr\u00e1 diseccionarlo para su estudio o descompilarlo, traducir la versi\u00f3n del c\u00f3digo objeto original o su lenguaje a otro c\u00f3digo o lenguaje. No podr\u00e1 realizar cualquier manipulaci\u00f3n que tenga por objeto la alteraci\u00f3n de la naturaleza del software, as\u00ed como la redistribuci\u00f3n, venta, o utilizaci\u00f3n del mismo para fines p\u00fablicos o comerciales.<\/span><\/p>\n<p>&nbsp;<\/p>\n<h3><span lang=\"ES\">5.- Recogida y Protecci\u00f3n de Datos de car\u00e1cter personal:<\/span><\/h3>\n<p><span lang=\"ES\">El acceso a determinados servicios de la p\u00e1gina Web est\u00e1 condicionada a la previa cumplimentaci\u00f3n del correspondiente registro de usuario. Toda la informaci\u00f3n que facilite el usuario a trav\u00e9s de los formularios del portal deber\u00e1 ser cierta. El usuario ser\u00e1 el \u00fanico responsable de las manifestaciones falsas e inexactas que realice y de los perjuicios que cause al equipo de Restaurante ENEKO o a terceros por la informaci\u00f3n que facilite. Los datos recabados a trav\u00e9s de la p\u00e1gina Web, ser\u00e1n incorporados a un fichero automatizado de datos de car\u00e1cter personal del que es responsable Restaurante ENEKO. Los datos recabados se tratar\u00e1n de forma confidencial y exclusivamente para gestionar la relaci\u00f3n con sus clientes y promocionar las actividades de la empresa. Restaurante ENEKO se obliga a tratar confidencialmente los datos de car\u00e1cter personal. No obstante el responsable del fichero podr\u00e1 revelar los datos de car\u00e1cter personal cuando dicha informaci\u00f3n le sea requerida por autoridades p\u00fablicas en el ejercicio de las funciones que tienen leg\u00edtimamente atribuidas.<\/span><\/p>\n<p><span lang=\"ES\">Asimismo el equipo de Restaurante ENEKO se obliga a adoptar las medidas de seguridad de \u00edndole t\u00e9cnica y organizativas necesarias para evitar la alteraci\u00f3n, p\u00e9rdida, tratamiento o acceso no autorizado a dichos datos. Sin perjuicio de ello, debido a las actuales condiciones de seguridad en Internet, el responsable del fichero no puede garantizar el uso il\u00edcito de la informaci\u00f3n de los usuarios por parte de terceros. Al enviar el correspondiente formulario, el usuario consiente de forma expresa que sus datos de car\u00e1cter personal podr\u00e1n ser utilizados para el env\u00edo de comunicaciones comerciales por correo electr\u00f3nico o por cualquier otro medio. El usuario podr\u00e1 revocar el consentimiento prestado y ejercer los derechos de acceso, rectificaci\u00f3n, cancelaci\u00f3n y oposici\u00f3n dirigi\u00e9ndose a tal efecto a la direcci\u00f3n se\u00f1alada en el inicio de este aviso legal o a trav\u00e9s de e-mail, atenci\u00f3n al cliente, que aparece en la pesta\u00f1a de contacto de la p\u00e1gina de Restaurante ENEKO. El usuario se compromete a mantener los datos facilitados al responsable del fichero debidamente actualizados. El usuario ser\u00e1 responsable de los da\u00f1os y perjuicios que el restaurante ENEKO\u00a0y\/o terceros pudieran sufrir como consecuencia de la falta de veracidad, inexactitud, falta de vigencia y autenticidad de los datos facilitados.<\/span><\/p>\n<p>&nbsp;<\/p>\n<h3><span lang=\"ES\">6.- De los contenidos y servicios de hiperenlaces:<\/span><\/h3>\n<p><span lang=\"ES\">I.- Las personas que se propongan establecer un hiperenlace entre su p\u00e1gina Web y la p\u00e1gina del restaurante ENEKO (<a href=\"https:\/\/eneko.restaurant\">eneko.restaurant<\/a><\/span><span lang=\"ES\">) deber\u00e1n cumplir las siguientes condiciones: El hiperenlace \u00fanicamente permitir\u00e1 el acceso a la home page o p\u00e1gina de inicio de <a href=\"https:\/\/eneko.restaurant\">eneko.restaurant<\/a> , no pudiendo reproducirlas de ninguna forma. No se podr\u00e1 crear una separaci\u00f3n de la p\u00e1gina Web de Restaurante ENEKO en dos o m\u00e1s secciones HTML independientes. No se realizar\u00e1n manifestaciones o indicaciones falsas, o inexactas sobre sus directivos, sus empleados, las p\u00e1ginas Web y los servicios suministrados. La p\u00e1gina Web en la que se establezca el hiperenlace no podr\u00e1 contener contenidos contrarios a la moral y a las buenas costumbres, al orden p\u00fablico. El establecimiento de un hiperenlace no implica en ning\u00fan caso la existencia de relaciones entre Restaurante ENEKO y el propietario de la p\u00e1gina Web en el que se establezca, ni la aceptaci\u00f3n y aprobaci\u00f3n por parte de Restaurante ENEKO de los contenidos y servicios.<\/span><\/p>\n<p><span lang=\"ES\">II.- Restaurante ENEKO pone a disposici\u00f3n de los usuarios enlaces a otros sites gestionados y controlados por terceras personas. Los enlaces existentes en la p\u00e1gina del restaurante ENEKO\u00a0tienen como exclusiva funci\u00f3n la de facilitar a los usuarios la b\u00fasqueda de informaci\u00f3n, contenidos y servicios en Internet, sin que en ning\u00fan caso pueda considerarse recomendaci\u00f3n o invitaci\u00f3n para la visita de los mismos. Restaurante ENEKO\u00a0no asume ning\u00fan tipo de responsabilidad por los da\u00f1os y perjuicios de toda clase que pudieran derivarse de acceso, mantenimiento, uso, calidad, licitud, fiabilidad y utilidad de los contenidos, informaciones, comunicaciones, manifestaciones, productos y servicios existentes u ofrecidos en los sitios web no gestionados por Restaurante ENEKO y que resulten accesibles a trav\u00e9s de la p\u00e1gina web del restaurante ENEKO.<\/span><\/p>\n<p>&nbsp;<\/p>\n<h3><span lang=\"ES\">7.- Duraci\u00f3n y terminaci\u00f3n:<\/span><\/h3>\n<p><span lang=\"ES\">La prestaci\u00f3n de los servicios de la p\u00e1gina Web del restaurante ENEKO\u00a0tienen, en principio, una duraci\u00f3n indefinida. No obstante, Restaurante ENEKO, est\u00e1 autorizada para dar por terminado o suspender la prestaci\u00f3n del servicio, advirtiendo previamente la terminaci\u00f3n o suspensi\u00f3n de la prestaci\u00f3n del servicio de su p\u00e1gina Web.<\/span><\/p>\n<p>&nbsp;<\/p>\n<h3><span lang=\"ES\">8.- Legislaci\u00f3n:<\/span><\/h3>\n<p><span lang=\"ES\">El presente aviso legal se rige por la ley espa\u00f1ola. Restaurante ENEKO y el usuario, con renuncia expresa a otro fuero que pudiera corresponderles, se someten a la Jurisdicci\u00f3n de los Juzgados y Tribunales de Bilbao.<\/span><\/p>\n<p>&nbsp;<\/p>\n<h2 style=\"text-align: center;\"><span lang=\"ES\">Pol\u00edtica de cookies<\/span><\/h2>\n<p>En cumplimiento con lo dispuesto en el art\u00edculo 22.2 de la Ley 34\/2002, de 11 de julio, de Servicios de la Sociedad de la Informaci\u00f3n y de Comercio Electr\u00f3nico, esta p\u00e1gina web le informa, en esta secci\u00f3n, sobre la pol\u00edtica de recogida y tratamiento de cookies.<\/p>\n<p>&nbsp;<\/p>\n<h3><span lang=\"ES\">\u00bfQu\u00e9 son las cookies?<\/span><\/h3>\n<p><span lang=\"ES\">Una cookie es un fichero que se descarga en su ordenador al acceder a determinadas p\u00e1ginas web. Las cookies permiten a una p\u00e1gina web, entre otras cosas, almacenar y recuperar informaci\u00f3n sobre los h\u00e1bitos de navegaci\u00f3n de un usuario o de su equipo y, dependiendo de la informaci\u00f3n que contengan y de la forma en que utilice su equipo, pueden utilizarse para reconocer al usuario.<\/span><\/p>\n<p>&nbsp;<\/p>\n<h3><span lang=\"ES\">\u00bfQu\u00e9 tipos de cookies utiliza esta p\u00e1gina web?<\/span><\/h3>\n<p><span lang=\"ES\">Esta p\u00e1gina web utiliza los siguientes tipos de cookies:<\/span><\/p>\n<ul>\n<li><span lang=\"ES\"><strong>Cookies de an\u00e1lisis:<\/strong> Son aqu\u00e9llas que bien tratadas por nosotros o por terceros, nos permiten cuantificar el n\u00famero de usuarios y as\u00ed realizar la medici\u00f3n y an\u00e1lisis estad\u00edstico de la utilizaci\u00f3n que hacen los usuarios del servicio ofertado. Para ello se analiza su navegaci\u00f3n en nuestra p\u00e1gina web con el fin de mejorar la oferta de productos o servicios que le ofrecemos.<\/span><\/li>\n<li><span lang=\"ES\"><strong>Cookies t\u00e9cnicas:<\/strong> Son aquellas que permiten al usuario la navegaci\u00f3n a trav\u00e9s del \u00e1rea restringida y la utilizaci\u00f3n de sus diferentes funciones, como por ejemplo, llevar a cambio el proceso de compra de un art\u00edculo.<\/span><\/li>\n<li><span lang=\"ES\"><strong>Cookies de personalizaci\u00f3n:<\/strong> Son aquellas que permiten al usuario acceder al servicio con algunas caracter\u00edsticas de car\u00e1cter general predefinidas en funci\u00f3n de una serie de criterios en el terminal del usuario como por ejemplo serian el idioma o el tipo de navegador a trav\u00e9s del cual se conecta al servicio.<\/span><\/li>\n<li><span lang=\"ES\"><strong>Cookies publicitarias:<\/strong> Son aqu\u00e9llas que, bien tratadas por esta web o por terceros, permiten gestionar de la forma m\u00e1s eficaz posible la oferta de los espacios publicitarios que hay en la p\u00e1gina web, adecuando el contenido del anuncio al contenido del servicio solicitado o al uso que realice de nuestra p\u00e1gina web. Para ello podemos analizar sus h\u00e1bitos de navegaci\u00f3n en Internet y podemos mostrarle publicidad relacionada con su perfil de navegaci\u00f3n.<\/span><\/li>\n<li><span lang=\"ES\"><strong>Cookies de publicidad comportamental:<\/strong> Son aquellas que permiten la gesti\u00f3n, de la forma m\u00e1s eficaz posible, de los espacios publicitarios que, en su caso, el editor haya incluido en una p\u00e1gina web, aplicaci\u00f3n o plataforma desde la que presta el servicio solicitado. Este tipo de cookies almacenan informaci\u00f3n del comportamiento de los visitantes obtenida a trav\u00e9s de la observaci\u00f3n continuada de sus h\u00e1bitos de navegaci\u00f3n, lo que permite desarrollar un perfil espec\u00edfico para mostrar avisos publicitarios en funci\u00f3n del mismo.<\/span><\/li>\n<\/ul>\n<p>&nbsp;<\/p>\n<h3><span lang=\"ES\">Desactivar las cookies.<\/span><\/h3>\n<p><span lang=\"ES\">Puede usted permitir, bloquear o eliminar las cookies instaladas en su equipo mediante la configuraci\u00f3n de las opciones del navegador instalado en su ordenador.<\/span><br \/>\n<span lang=\"ES\">En la mayor\u00eda de los navegadores web se ofrece la posibilidad de permitir, bloquear o eliminar las cookies instaladas en su equipo.<\/span><br \/>\n<span lang=\"ES\">A continuaci\u00f3n puede acceder a la configuraci\u00f3n de los navegadores webs m\u00e1s frecuentes para aceptar, instalar o desactivar las cookies:<\/span><\/p>\n<ul>\n<li><strong><a href=\"https:\/\/support.google.com\/chrome\/answer\/95647?hl=es\"><span lang=\"ES\">Configurar cookies en Google Chrome<\/span><\/a><\/strong><\/li>\n<li><strong><a href=\"http:\/\/windows.microsoft.com\/es-es\/windows7\/how-to-manage-cookies-in-internet-explorer-9\"><span lang=\"ES\">Configurar cookies en Microsoft Internet Explorer<\/span><\/a><\/strong><\/li>\n<li><strong><a href=\"https:\/\/support.mozilla.org\/es\/kb\/habilitar-y-deshabilitar-cookies-sitios-web-rastrear-preferencias?redirectlocale=es&amp;redirectslug=habilitar-y-deshabilitar-cookies-que-los-sitios-we\"><span lang=\"ES\">Configurar cookies en Mozilla Firefox<\/span><\/a><\/strong><\/li>\n<li><strong><a href=\"https:\/\/support.apple.com\/es-es\/HT201265\"><span lang=\"ES\">Configurar cookies en Safari (Apple)<\/span><\/a><\/strong><\/li>\n<\/ul>\n<p>&nbsp;<\/p>\n<h3><span lang=\"ES\">Cookies de terceros.<\/span><\/h3>\n<p><span lang=\"ES\">Esta p\u00e1gina web utiliza servicios de terceros para recopilar informaci\u00f3n con fines estad\u00edsticos y de uso de la web. Se usan cookies de DoubleClick para mejorar la publicidad que se incluye en el sitio web. Son utilizadas para orientar la publicidad seg\u00fan el contenido que es relevante para un usuario, mejorando as\u00ed la calidad de experiencia en el uso del mismo.<\/span><br \/>\n<span lang=\"ES\">En concreto, usamos los servicios de Google Adsense y de Google Analytics para nuestras estad\u00edsticas y publicidad. Algunas cookies son esenciales para el funcionamiento del sitio, por ejemplo el buscador incorporado.<\/span><br \/>\n<span lang=\"ES\">Nuestro sitio incluye otras funcionalidades proporcionadas por terceros. Usted puede f\u00e1cilmente compartir el contenido en redes sociales como Facebook, Twitter o Google +, con los botones que hemos incluido a tal efecto.<\/span><\/p>\n<p>&nbsp;<\/p>\n<h3><span lang=\"ES\">Advertencia sobre eliminar cookies.<\/span><\/h3>\n<p><span lang=\"ES\">Usted puede eliminar y bloquear todas las cookies de este sitio, pero parte del sitio no funcionar\u00e1 o la calidad de la p\u00e1gina web puede verse afectada.<\/span><br \/>\n<span lang=\"ES\">Si tiene cualquier duda acerca de nuestra pol\u00edtica de cookies, puede contactar con esta p\u00e1gina web a trav\u00e9s de nuestros canales de Contacto.<\/span>[\/vc_column_text][\/vc_column][\/vc_row]<\/p>\n","protected":false},"excerpt":{"rendered":"<p>[vc_row el_class=&#8221;inner-container&#8221; css=&#8221;.vc_custom_1495012552954{padding-top: 50px !important;padding-bottom: 100px !important;}&#8221;][vc_column][vc_custom_heading source=&#8221;post_title&#8221; font_container=&#8221;tag:h2|text_align:center&#8221; use_theme_fonts=&#8221;yes&#8221;][vc_column_text [&hellip;]<\/p>\n","protected":false},"author":1,"featured_media":0,"parent":0,"menu_order":0,"comment_status":"closed","ping_status":"closed","template":"","meta":[],"yoast_head":"<!-- This site is optimized with the Yoast SEO plugin v17.4 - https:\/\/yoast.com\/wordpress\/plugins\/seo\/ -->\n<title>Abisu legala - Restaurante Eneko<\/title>\n<meta name=\"robots\" content=\"index, follow, max-snippet:-1, max-image-preview:large, max-video-preview:-1\" \/>\n<link rel=\"canonical\" href=\"https:\/\/eneko.restaurant\/eu\/abisu-legala\/\" \/>\n<meta property=\"og:locale\" content=\"eu_ES\" \/>\n<meta property=\"og:type\" content=\"article\" \/>\n<meta property=\"og:title\" content=\"Abisu legala - Restaurante Eneko\" \/>\n<meta property=\"og:description\" content=\"[vc_row el_class=&#8221;inner-container&#8221; css=&#8221;.vc_custom_1495012552954{padding-top: 50px !important;padding-bottom: 100px !important;}&#8221;][vc_column][vc_custom_heading source=&#8221;post_title&#8221; font_container=&#8221;tag:h2|text_align:center&#8221; use_theme_fonts=&#8221;yes&#8221;][vc_column_text [&hellip;]\" \/>\n<meta property=\"og:url\" content=\"https:\/\/eneko.restaurant\/eu\/abisu-legala\/\" \/>\n<meta property=\"og:site_name\" content=\"Restaurante Eneko\" \/>\n<meta property=\"article:publisher\" content=\"https:\/\/www.facebook.com\/ENEKOrestaurante\" \/>\n<meta property=\"article:modified_time\" content=\"2018-03-23T10:29:41+00:00\" \/>\n<meta name=\"twitter:card\" content=\"summary\" \/>\n<meta name=\"twitter:site\" content=\"@EnekoJatetxea\" \/>\n<meta name=\"twitter:label1\" content=\"Est. reading time\" \/>\n\t<meta name=\"twitter:data1\" content=\"11 minutes\" \/>\n<script type=\"application\/ld+json\" class=\"yoast-schema-graph\">{\"@context\":\"https:\/\/schema.org\",\"@graph\":[{\"@type\":\"WebSite\",\"@id\":\"https:\/\/eneko.restaurant\/#website\",\"url\":\"https:\/\/eneko.restaurant\/\",\"name\":\"Restaurante Eneko\",\"description\":\"Descubre la propuesta gastron\\u00f3mica m\\u00e1s personal de Eneko Atxa.\",\"potentialAction\":[{\"@type\":\"SearchAction\",\"target\":{\"@type\":\"EntryPoint\",\"urlTemplate\":\"https:\/\/eneko.restaurant\/?s={search_term_string}\"},\"query-input\":\"required name=search_term_string\"}],\"inLanguage\":\"eu-ES\"},{\"@type\":\"WebPage\",\"@id\":\"https:\/\/eneko.restaurant\/eu\/abisu-legala\/#webpage\",\"url\":\"https:\/\/eneko.restaurant\/eu\/abisu-legala\/\",\"name\":\"Abisu legala - Restaurante Eneko\",\"isPartOf\":{\"@id\":\"https:\/\/eneko.restaurant\/#website\"},\"datePublished\":\"2017-05-03T10:27:53+00:00\",\"dateModified\":\"2018-03-23T10:29:41+00:00\",\"breadcrumb\":{\"@id\":\"https:\/\/eneko.restaurant\/eu\/abisu-legala\/#breadcrumb\"},\"inLanguage\":\"eu-ES\",\"potentialAction\":[{\"@type\":\"ReadAction\",\"target\":[\"https:\/\/eneko.restaurant\/eu\/abisu-legala\/\"]}]},{\"@type\":\"BreadcrumbList\",\"@id\":\"https:\/\/eneko.restaurant\/eu\/abisu-legala\/#breadcrumb\",\"itemListElement\":[{\"@type\":\"ListItem\",\"position\":1,\"name\":\"Portada\",\"item\":\"https:\/\/eneko.restaurant\/eu\/\"},{\"@type\":\"ListItem\",\"position\":2,\"name\":\"Abisu legala\"}]}]}<\/script>\n<!-- \/ Yoast SEO plugin. -->","yoast_head_json":{"title":"Abisu legala - Restaurante Eneko","robots":{"index":"index","follow":"follow","max-snippet":"max-snippet:-1","max-image-preview":"max-image-preview:large","max-video-preview":"max-video-preview:-1"},"canonical":"https:\/\/eneko.restaurant\/eu\/abisu-legala\/","og_locale":"eu_ES","og_type":"article","og_title":"Abisu legala - Restaurante Eneko","og_description":"[vc_row el_class=&#8221;inner-container&#8221; css=&#8221;.vc_custom_1495012552954{padding-top: 50px !important;padding-bottom: 100px !important;}&#8221;][vc_column][vc_custom_heading source=&#8221;post_title&#8221; font_container=&#8221;tag:h2|text_align:center&#8221; use_theme_fonts=&#8221;yes&#8221;][vc_column_text [&hellip;]","og_url":"https:\/\/eneko.restaurant\/eu\/abisu-legala\/","og_site_name":"Restaurante Eneko","article_publisher":"https:\/\/www.facebook.com\/ENEKOrestaurante","article_modified_time":"2018-03-23T10:29:41+00:00","twitter_card":"summary","twitter_site":"@EnekoJatetxea","twitter_misc":{"Est. reading time":"11 minutes"},"schema":{"@context":"https:\/\/schema.org","@graph":[{"@type":"WebSite","@id":"https:\/\/eneko.restaurant\/#website","url":"https:\/\/eneko.restaurant\/","name":"Restaurante Eneko","description":"Descubre la propuesta gastron\u00f3mica m\u00e1s personal de Eneko Atxa.","potentialAction":[{"@type":"SearchAction","target":{"@type":"EntryPoint","urlTemplate":"https:\/\/eneko.restaurant\/?s={search_term_string}"},"query-input":"required name=search_term_string"}],"inLanguage":"eu-ES"},{"@type":"WebPage","@id":"https:\/\/eneko.restaurant\/eu\/abisu-legala\/#webpage","url":"https:\/\/eneko.restaurant\/eu\/abisu-legala\/","name":"Abisu legala - Restaurante Eneko","isPartOf":{"@id":"https:\/\/eneko.restaurant\/#website"},"datePublished":"2017-05-03T10:27:53+00:00","dateModified":"2018-03-23T10:29:41+00:00","breadcrumb":{"@id":"https:\/\/eneko.restaurant\/eu\/abisu-legala\/#breadcrumb"},"inLanguage":"eu-ES","potentialAction":[{"@type":"ReadAction","target":["https:\/\/eneko.restaurant\/eu\/abisu-legala\/"]}]},{"@type":"BreadcrumbList","@id":"https:\/\/eneko.restaurant\/eu\/abisu-legala\/#breadcrumb","itemListElement":[{"@type":"ListItem","position":1,"name":"Portada","item":"https:\/\/eneko.restaurant\/eu\/"},{"@type":"ListItem","position":2,"name":"Abisu legala"}]}]}},"_links":{"self":[{"href":"https:\/\/eneko.restaurant\/eu\/wp-json\/wp\/v2\/pages\/118"}],"collection":[{"href":"https:\/\/eneko.restaurant\/eu\/wp-json\/wp\/v2\/pages"}],"about":[{"href":"https:\/\/eneko.restaurant\/eu\/wp-json\/wp\/v2\/types\/page"}],"author":[{"embeddable":true,"href":"https:\/\/eneko.restaurant\/eu\/wp-json\/wp\/v2\/users\/1"}],"replies":[{"embeddable":true,"href":"https:\/\/eneko.restaurant\/eu\/wp-json\/wp\/v2\/comments?post=118"}],"version-history":[{"count":3,"href":"https:\/\/eneko.restaurant\/eu\/wp-json\/wp\/v2\/pages\/118\/revisions"}],"predecessor-version":[{"id":10010,"href":"https:\/\/eneko.restaurant\/eu\/wp-json\/wp\/v2\/pages\/118\/revisions\/10010"}],"wp:attachment":[{"href":"https:\/\/eneko.restaurant\/eu\/wp-json\/wp\/v2\/media?parent=118"}],"curies":[{"name":"wp","href":"https:\/\/api.w.org\/{rel}","templated":true}]}}